{"id":8218,"date":"2025-11-03T11:12:27","date_gmt":"2025-11-03T11:12:27","guid":{"rendered":"https:\/\/libellula.eu\/?page_id=8218"},"modified":"2025-11-03T11:22:05","modified_gmt":"2025-11-03T11:22:05","slug":"condicoes-gerais-de-venda","status":"publish","type":"page","link":"https:\/\/libellula.eu\/pt\/condicoes-gerais-de-venda\/","title":{"rendered":"Termos e condi\u00e7\u00f5es gerais de venda"},"content":{"rendered":"<div data-elementor-type=\"wp-page\" data-elementor-id=\"8218\" class=\"elementor elementor-8218\" data-elementor-post-type=\"page\">\n\t\t\t\t<div class=\"elementor-element elementor-element-91b58e4 e-flex e-con-boxed e-con e-parent\" data-id=\"91b58e4\" data-element_type=\"container\" data-e-type=\"container\">\n\t\t\t\t\t<div class=\"e-con-inner\">\n\t\t\t\t\t<\/div>\n\t\t\t\t<\/div>\n\t\t<div class=\"elementor-element elementor-element-ada7bec e-flex e-con-boxed e-con e-parent\" data-id=\"ada7bec\" data-element_type=\"container\" data-e-type=\"container\">\n\t\t\t\t\t<div class=\"e-con-inner\">\n\t\t<div class=\"elementor-element elementor-element-c934baf e-con-full e-flex e-con e-child\" data-id=\"c934baf\" data-element_type=\"container\" data-e-type=\"container\">\n\t\t\t\t<div class=\"elementor-element elementor-element-9926c7f elementor-widget__width-initial elementor-widget elementor-widget-heading\" data-id=\"9926c7f\" data-element_type=\"widget\" data-e-type=\"widget\" data-widget_type=\"heading.default\">\n\t\t\t\t<div class=\"elementor-widget-container\">\n\t\t\t\t\t<h2 class=\"elementor-heading-title elementor-size-default\"><p>Termos e condi\u00e7\u00f5es gerais de <span style=\"color: #B01B24\">para venda<\/span> <br>\n<span style=\"color: #B01B24\"><\/span><\/p><\/h2>\t\t\t\t<\/div>\n\t\t\t\t<\/div>\n\t\t\t\t<div class=\"elementor-element elementor-element-eab3f98 elementor-widget elementor-widget-text-editor\" data-id=\"eab3f98\" data-element_type=\"widget\" data-e-type=\"widget\" data-widget_type=\"text-editor.default\">\n\t\t\t\t<div class=\"elementor-widget-container\">\n\t\t\t\t\t\t\t\t\t<ol style=\"margin-top: 0cm;\" start=\"1\" type=\"1\"><li class=\"MsoNormal\" style=\"mso-list: l0 level1 lfo1; tab-stops: list 36.0pt;\"><b>\u00c2MBITO DE APLICA\u00c7\u00c3O<\/b><ol style=\"margin-top: 0cm;\" start=\"1\" type=\"1\"><li class=\"MsoNormal\" style=\"mso-list: l0 level2 lfo1; tab-stops: list 72.0pt;\">A Libellula produz e\/ou comercializa m\u00faltiplos programas inform\u00e1ticos (a seguir designados por \"Software\") destinados a diferentes fases da programa\u00e7\u00e3o e gest\u00e3o da produ\u00e7\u00e3o de bens manufacturados.<\/li><li class=\"MsoNormal\" style=\"mso-list: l0 level2 lfo1; tab-stops: list 72.0pt;\">Os presentes termos e condi\u00e7\u00f5es gerais (doravante designados por \"TCG\") regem a licen\u00e7a de utiliza\u00e7\u00e3o do Software, bem como qualquer outro fornecimento de bens e servi\u00e7os a Clientes e aplicam-se, salvo acordo em contr\u00e1rio, em todas as rela\u00e7\u00f5es contratuais da Libellula com os seus Clientes.<\/li><li class=\"MsoNormal\" style=\"mso-list: l0 level2 lfo1; tab-stops: list 72.0pt;\">As informa\u00e7\u00f5es e carater\u00edsticas indicadas nos documentos impressos e\/ou electr\u00f3nicos da Libellula (cat\u00e1logo, avisos, brochuras, cartas... adiante designados por \"Documenta\u00e7\u00e3o\") s\u00e3o meramente informativas.<\/li><\/ol><\/li><li class=\"MsoNormal\" style=\"mso-list: l0 level1 lfo1; tab-stops: list 36.0pt;\"><b>O CONTRATO<\/b><ol style=\"margin-top: 0cm;\" start=\"1\" type=\"1\"><li class=\"MsoNormal\" style=\"mso-list: l0 level2 lfo1; tab-stops: list 72.0pt;\">O Software \u00e9 escolhido pelo Cliente em fun\u00e7\u00e3o das suas necessidades de produ\u00e7\u00e3o e das carater\u00edsticas do Hardware e M\u00e1quinas que utiliza e\/ou pretende utilizar. A Libellula n\u00e3o assume qualquer responsabilidade pela adequa\u00e7\u00e3o desta escolha e pela corre\u00e7\u00e3o de qualquer informa\u00e7\u00e3o prestada durante a fase de negocia\u00e7\u00e3o, mesmo que destinada a identificar o Software no \u00e2mbito da encomenda ou or\u00e7amento.<\/li><li class=\"MsoNormal\" style=\"mso-list: l0 level2 lfo1; tab-stops: list 72.0pt;\">A Libellula reserva-se o direito de efetuar as altera\u00e7\u00f5es adequadas ao Software, mesmo durante o processamento das encomendas, preservando as carater\u00edsticas essenciais do pr\u00f3prio Software.<\/li><li class=\"MsoNormal\" style=\"mso-list: l0 level2 lfo1; tab-stops: list 72.0pt;\">As eventuais encomendas do Cliente devem ser efectuadas por escrito (este requisito de forma tamb\u00e9m se considera cumprido no caso de utiliza\u00e7\u00e3o de correio eletr\u00f3nico) e s\u00e3o irrevog\u00e1veis. O contrato considerar-se-\u00e1 celebrado mesmo que a entrega do Software pela Libellula e\/ou a execu\u00e7\u00e3o dos servi\u00e7os objeto da encomenda sejam efectuados sem a pr\u00e9via aceita\u00e7\u00e3o da encomenda do Cliente.<\/li><\/ol><\/li><li class=\"MsoNormal\" style=\"mso-list: l0 level1 lfo1; tab-stops: list 36.0pt;\"><b>PRE\u00c7O - PAGAMENTO<\/b><ol style=\"margin-top: 0cm;\" start=\"1\" type=\"1\"><li class=\"MsoNormal\" style=\"mso-list: l0 level2 lfo1; tab-stops: list 72.0pt;\">Os pre\u00e7os s\u00e3o em Euros e n\u00e3o incluem IVA. O Libellula reserva-se o direito de alterar a sua tabela de pre\u00e7os em qualquer altura. As facturas emitidas pela Libellula indicam o prazo de pagamento acordado, ap\u00f3s o qual - sem necessidade de aviso de incumprimento - ser\u00e3o devidos juros de mora legais.<\/li><li class=\"MsoNormal\" style=\"mso-list: l0 level2 lfo1; tab-stops: list 72.0pt;\">A licen\u00e7a de utiliza\u00e7\u00e3o tem um prazo fixo at\u00e9 ao pagamento integral do montante devido pelo Cliente (eventualmente tamb\u00e9m a t\u00edtulo de taxas e juros).  Para o efeito, o Software contratado \u00e9 fornecido com c\u00f3digos tempor\u00e1rios que garantem o seu funcionamento at\u00e9 \u00e0 data de vencimento correspondente. Em caso de n\u00e3o pagamento de uma \u00fanica presta\u00e7\u00e3o, qualquer que seja o seu montante e ainda que se refira \u00e0 presta\u00e7\u00e3o de servi\u00e7os e\/ou outros bens, a Libellula poder\u00e1 recusar-se a reativar o funcionamento do Software e\/ou a fornecer os c\u00f3digos definitivos.<\/li><li class=\"MsoNormal\" style=\"mso-list: l0 level2 lfo1; tab-stops: list 72.0pt;\">Sem preju\u00edzo do disposto no n\u00famero anterior, o n\u00e3o pagamento de uma \u00fanica presta\u00e7\u00e3o, qualquer que seja o seu montante, implica a perda do benef\u00edcio do prazo, podendo a Libellula exigir do Cliente a totalidade do montante ainda em d\u00edvida. A Libellula reserva-se o direito de suspender a entrega at\u00e9 ao pagamento integral de todas as facturas em d\u00edvida ou de anular as encomendas em curso, sem preju\u00edzo do exerc\u00edcio das vias judiciais.<\/li><li class=\"MsoNormal\" style=\"mso-list: l0 level2 lfo1; tab-stops: list 72.0pt;\">O Cliente n\u00e3o poder\u00e1, por qualquer motivo, suspender pagamentos e\/ou compensar a sua d\u00edvida alegando qualquer incumprimento por parte da Libellula.<\/li><\/ol><\/li><li class=\"MsoNormal\" style=\"mso-list: l0 level1 lfo1; tab-stops: list 36.0pt;\"><b>LIMITA\u00c7\u00d5ES DE RESPONSABILIDADE<\/b><ol style=\"margin-top: 0cm;\" start=\"1\" type=\"1\"><li class=\"MsoNormal\" style=\"mso-list: l0 level2 lfo1; tab-stops: list 72.0pt;\">Sob reserva das disposi\u00e7\u00f5es obrigat\u00f3rias da lei, a Empresa n\u00e3o ser\u00e1 respons\u00e1vel por quaisquer danos diretos ou indirectos sofridos pelo Cliente ou por terceiros em resultado da utiliza\u00e7\u00e3o ou n\u00e3o utiliza\u00e7\u00e3o do Software e da Documenta\u00e7\u00e3o.<\/li><li class=\"MsoNormal\" style=\"mso-list: l0 level2 lfo1; tab-stops: list 72.0pt;\">Em qualquer caso, a Libellula - se for obrigada a indemnizar o Cliente - s\u00f3 ser\u00e1 respons\u00e1vel at\u00e9 ao montante do contravalor do fornecimento efectuado.<\/li><\/ol><\/li><li class=\"MsoNormal\" style=\"mso-list: l0 level1 lfo1; tab-stops: list 36.0pt;\"><b>ACTUALIZA\u00c7\u00c3O DE SOFTWARE E ASSIST\u00caNCIA T\u00c9CNICA<\/b><ol style=\"margin-top: 0cm;\" start=\"1\" type=\"1\"><li class=\"MsoNormal\" style=\"mso-list: l0 level2 lfo1; tab-stops: list 72.0pt;\">Libellula reserva-se o direito de cessar a produ\u00e7\u00e3o e\/ou comercializa\u00e7\u00e3o e\/ou modificar as carater\u00edsticas de qualquer Software proposto aos Clientes e indicado na lista de pre\u00e7os ou em qualquer documento comercial ou publicit\u00e1rio, sem que o Cliente possa exigir qualquer indemniza\u00e7\u00e3o.<\/li><li class=\"MsoNormal\" style=\"mso-list: l0 level2 lfo1; tab-stops: list 72.0pt;\">Exceto no caso do Cliente com o qual tenha celebrado um contrato de assist\u00eancia anual aut\u00f3nomo relativo ao Software cuja produ\u00e7\u00e3o e\/ou comercializa\u00e7\u00e3o tenha cessado e\/ou cujas carater\u00edsticas tenham sido alteradas, a Libellula reserva-se igualmente o direito de cessar a respectiva assist\u00eancia t\u00e9cnica.<\/li><\/ol><\/li><li class=\"MsoNormal\" style=\"mso-list: l0 level1 lfo1; tab-stops: list 36.0pt;\"><b>A LICEN\u00c7A DE HARDWARE E A CHAVE DE SOFTWARE<\/b><ol style=\"margin-top: 0cm;\" start=\"1\" type=\"1\"><li class=\"MsoNormal\" style=\"mso-list: l0 level2 lfo1; tab-stops: list 72.0pt;\">N\u00e3o obstante o disposto na Sec\u00e7\u00e3o 3.2, a licen\u00e7a de utiliza\u00e7\u00e3o de todos os produtos emitida pela Libellula tem uma dura\u00e7\u00e3o indefinida e concede ao Cliente, que pagou na totalidade, o direito de utilizar o software, quaisquer personaliza\u00e7\u00f5es do mesmo, quaisquer actualiza\u00e7\u00f5es que possam ser emitidas e toda a documenta\u00e7\u00e3o relacionada, tanto em formato impresso como eletr\u00f3nico.<\/li><li class=\"MsoNormal\" style=\"mso-list: l0 level2 lfo1; tab-stops: list 72.0pt;\">Cada licen\u00e7a fornecida pela Libellula \u00e9 protegida por um dispositivo de chave de hardware ou software. Este dispositivo, em caso de avaria, ser\u00e1 substitu\u00eddo gratuitamente durante o per\u00edodo de garantia, mediante devolu\u00e7\u00e3o do dispositivo nas instala\u00e7\u00f5es da Libellula, caso se trate de uma chave de hardware. Ap\u00f3s este per\u00edodo, o dispositivo ser\u00e1 substitu\u00eddo ao pre\u00e7o de tabela em vigor na altura, tamb\u00e9m sujeito a devolu\u00e7\u00e3o como acima referido para a chave de hardware.<\/li><li class=\"MsoNormal\" style=\"mso-list: l0 level2 lfo1; tab-stops: list 72.0pt;\">O Cliente que assina o contrato de compra e venda \u00e9 a \u00fanica pessoa habilitada a utilizar as licen\u00e7as nele emitidas, n\u00e3o podendo emprest\u00e1-las, ced\u00ea-las, alug\u00e1-las ou vend\u00ea-las sem o pr\u00e9vio consentimento escrito da Libellula.<\/li><li class=\"MsoNormal\" style=\"mso-list: l0 level2 lfo1; tab-stops: list 72.0pt;\">As licen\u00e7as contratuais concedem ao Cliente o direito de utiliza\u00e7\u00e3o apenas no local indicado no contrato. Qualquer transfer\u00eancia para outro local deve ser previamente aprovada pela Libellula.<\/li><\/ol><\/li><li class=\"MsoNormal\" style=\"mso-list: l0 level1 lfo1; tab-stops: list 36.0pt;\"><b>GARANTIA<\/b><ol style=\"margin-top: 0cm;\" start=\"1\" type=\"1\"><li class=\"MsoNormal\" style=\"mso-list: l0 level2 lfo1; tab-stops: list 72.0pt;\">O software beneficia da garantia legal de um ano a partir da entrega.<\/li><li class=\"MsoNormal\" style=\"mso-list: l0 level2 lfo1; tab-stops: list 72.0pt;\">O Cliente dever\u00e1 notificar a Libellula, por escrito e de forma espec\u00edfica, no prazo de oito dias a contar da sua descoberta, de quaisquer defeitos e\/ou falta de qualidade no Software. O requisito de especificidade da reclama\u00e7\u00e3o considerar-se-\u00e1 cumprido, apenas na medida em que o Cliente permita \u00e0 Libellula identificar, pelo menos, a carater\u00edstica do Software alegadamente defeituosa ou em falta.<\/li><li class=\"MsoNormal\" style=\"mso-list: l0 level2 lfo1; tab-stops: list 72.0pt;\">A garantia inclui a elimina\u00e7\u00e3o de defeitos e desvios das especifica\u00e7\u00f5es funcionais, a expensas da Libellula, excluindo qualquer redu\u00e7\u00e3o da contrapartida acordada. A garantia est\u00e1, no entanto, condicionada ao correto funcionamento das M\u00e1quinas e do respetivo software de sistema e \u00e0 correta utiliza\u00e7\u00e3o do sistema pelo Cliente, e s\u00f3 \u00e9 efectiva se os Programas n\u00e3o forem modificados ou incorporados, no todo ou em parte, noutros Programas.<\/li><\/ol><\/li><li class=\"MsoNormal\" style=\"mso-list: l0 level1 lfo1; tab-stops: list 36.0pt;\"><b>ENTREGA<\/b><ol style=\"margin-top: 0cm;\" start=\"1\" type=\"1\"><li class=\"MsoNormal\" style=\"mso-list: l0 level2 lfo1; tab-stops: list 72.0pt;\">Salvo disposi\u00e7\u00e3o contratual em contr\u00e1rio, a obriga\u00e7\u00e3o de entrega da Libellula \u00e9 cumprida atrav\u00e9s do envio de uma hiperliga\u00e7\u00e3o para descarregar o Software no prazo m\u00e1ximo de 90 dias ap\u00f3s a celebra\u00e7\u00e3o do contrato. Essa liga\u00e7\u00e3o ser\u00e1 enviada por correio eletr\u00f3nico para o Cliente.<\/li><li class=\"MsoNormal\" style=\"mso-list: l0 level2 lfo1; tab-stops: list 72.0pt;\">Todos os prazos de entrega s\u00e3o considerados n\u00e3o vinculativos.<\/li><li class=\"MsoNormal\" style=\"mso-list: l0 level2 lfo1; tab-stops: list 72.0pt;\">Entre os motivos de for\u00e7a maior que exoneram a Libellula das suas obriga\u00e7\u00f5es, considera-se expressamente a indisponibilidade, por qualquer causa, por parte do Cliente, para entregar e\/ou instalar o Software.<\/li><\/ol><\/li><li class=\"MsoNormal\" style=\"mso-list: l0 level1 lfo1; tab-stops: list 36.0pt;\"><b>DIREITOS DE PROPRIEDADE INTELECTUAL<\/b><ol style=\"margin-top: 0cm;\" start=\"1\" type=\"1\"><li class=\"MsoNormal\" style=\"mso-list: l0 level2 lfo1; tab-stops: list 72.0pt;\">A Libellula reivindica direitos de autor sobre o Software. O Cliente dever\u00e1 respeitar este direito, abstendo-se de reproduzir, no todo ou em parte, o Software e a sua Documenta\u00e7\u00e3o.<\/li><li class=\"MsoNormal\" style=\"mso-list: l0 level2 lfo1; tab-stops: list 72.0pt;\">O Cliente compromete-se igualmente a respeitar a marca e quaisquer outros direitos industriais da Libellula.<\/li><\/ol><\/li><li class=\"MsoNormal\" style=\"mso-list: l0 level1 lfo1; tab-stops: list 36.0pt;\"><b>DISPOSI\u00c7\u00d5ES DIFERENTES<\/b><ol style=\"margin-top: 0cm;\" start=\"1\" type=\"1\"><li class=\"MsoNormal\" style=\"mso-list: l0 level2 lfo1; tab-stops: list 72.0pt;\">Qualquer documento, seja qual for a sua natureza, entregue ou enviado ao Cliente \u00e9 propriedade exclusiva da Libellula e, salvo acordo pr\u00e9vio, n\u00e3o pode ser divulgado a terceiros, seja a que t\u00edtulo for.<\/li><li class=\"MsoNormal\" style=\"mso-list: l0 level2 lfo1; tab-stops: list 72.0pt;\">O facto de o Libellula n\u00e3o ter recorrido a uma das disposi\u00e7\u00f5es das GTC n\u00e3o pode ser interpretado como uma ren\u00fancia da sua parte a recorrer a outras disposi\u00e7\u00f5es.<\/li><\/ol><\/li><li class=\"MsoNormal\" style=\"mso-list: l0 level1 lfo1; tab-stops: list 36.0pt;\"><b>LEGISLA\u00c7\u00c3O E JURISDI\u00c7\u00c3O APLIC\u00c1VEIS<\/b><ol style=\"margin-top: 0cm;\" start=\"1\" type=\"1\"><li class=\"MsoNormal\" style=\"mso-list: l0 level2 lfo1; tab-stops: list 72.0pt;\">O Tribunal de Asti ou o Julgado de Paz de Alba, consoante o valor do lit\u00edgio, t\u00eam compet\u00eancia exclusiva para todos os lit\u00edgios relacionados com a rela\u00e7\u00e3o comercial entre as partes e\/ou regidos pelas presentes CGV.<\/li><li class=\"MsoNormal\" style=\"mso-list: l0 level2 lfo1; tab-stops: list 72.0pt;\">As rela\u00e7\u00f5es com o Cliente s\u00e3o regidas pela lei italiana, com a exclus\u00e3o expressa da aplicabilidade da Conven\u00e7\u00e3o de Viena de 1980 sobre a Venda de Mercadorias. Se as presentes CGV forem traduzidas para uma l\u00edngua estrangeira, apenas o texto italiano ter\u00e1 valor aut\u00eantico.<\/li><\/ol><\/li><li class=\"MsoNormal\" style=\"mso-list: l0 level1 lfo1; tab-stops: list 36.0pt;\"><b>EFEITO<\/b><ol style=\"margin-top: 0cm;\" start=\"1\" type=\"1\"><li class=\"MsoNormal\" style=\"mso-list: l0 level2 lfo1; tab-stops: list 72.0pt;\">As presentes CGV substituem e prevalecem sobre as outras condi\u00e7\u00f5es gerais anteriores que constam dos nossos documentos.<\/li><\/ol><\/li><\/ol><p class=\"MsoNormal\">Data de lan\u00e7amento: 10 de janeiro de 2018<\/p>\t\t\t\t\t\t\t\t<\/div>\n\t\t\t\t<\/div>\n\t\t\t\t<\/div>\n\t\t\t\t\t<\/div>\n\t\t\t\t<\/div>\n\t\t\t\t<\/div>","protected":false},"excerpt":{"rendered":"<p>Condizioni generali di vendita AMBITO DI APPLICAZIONE Libellula produce e\/o commercializza plurimi programmi informatici (ai quali ci si riferir\u00e0 nel prosieguo come \u201cSoftware\u201d) destinati a diverse fasi della programmazione e della gestione della produzione di manufatti. Le presenti condizioni generali (successivamente chiamate \u201cCGV\u201d) disciplinano la licenza d\u2019uso del Software nonch\u00e9 ogni altra fornitura di merci [&hellip;]<\/p>\n","protected":false},"author":1,"featured_media":0,"parent":0,"menu_order":0,"comment_status":"closed","ping_status":"closed","template":"elementor_header_footer","meta":{"footnotes":""},"class_list":["post-8218","page","type-page","status-publish","hentry"],"yoast_head":"<!-- This site is optimized with the Yoast SEO Premium plugin v26.1 (Yoast SEO v27.2) - https:\/\/yoast.com\/product\/yoast-seo-premium-wordpress\/ -->\n<title>Condizioni Generali Vendita - Libellula<\/title>\n<meta name=\"robots\" content=\"index, follow, max-snippet:-1, max-image-preview:large, max-video-preview:-1\" \/>\n<link rel=\"canonical\" href=\"https:\/\/libellula.eu\/pt\/condicoes-gerais-de-venda\/\" \/>\n<meta property=\"og:locale\" content=\"pt_PT\" \/>\n<meta property=\"og:type\" content=\"article\" \/>\n<meta property=\"og:title\" content=\"Condizioni Generali Vendita\" \/>\n<meta property=\"og:description\" content=\"Condizioni generali di vendita AMBITO DI APPLICAZIONE Libellula produce e\/o commercializza plurimi programmi informatici (ai quali ci si riferir\u00e0 nel prosieguo come \u201cSoftware\u201d) destinati a diverse fasi della programmazione e della gestione della produzione di manufatti. Le presenti condizioni generali (successivamente chiamate \u201cCGV\u201d) disciplinano la licenza d\u2019uso del Software nonch\u00e9 ogni altra fornitura di merci [&hellip;]\" \/>\n<meta property=\"og:url\" content=\"https:\/\/libellula.eu\/pt\/condicoes-gerais-de-venda\/\" \/>\n<meta property=\"og:site_name\" content=\"Libellula\" \/>\n<meta property=\"article:modified_time\" content=\"2025-11-03T11:22:05+00:00\" \/>\n<meta name=\"twitter:card\" content=\"summary_large_image\" \/>\n<meta name=\"twitter:label1\" content=\"Tempo estimado de leitura\" \/>\n\t<meta name=\"twitter:data1\" content=\"7 minutos\" \/>\n<script type=\"application\/ld+json\" class=\"yoast-schema-graph\">{\"@context\":\"https:\/\/schema.org\",\"@graph\":[{\"@type\":\"WebPage\",\"@id\":\"https:\/\/libellula.eu\/condizioni-generali-vendita\/\",\"url\":\"https:\/\/libellula.eu\/condizioni-generali-vendita\/\",\"name\":\"Condizioni Generali Vendita - Libellula\",\"isPartOf\":{\"@id\":\"https:\/\/libellula.eu\/#website\"},\"datePublished\":\"2025-11-03T11:12:27+00:00\",\"dateModified\":\"2025-11-03T11:22:05+00:00\",\"breadcrumb\":{\"@id\":\"https:\/\/libellula.eu\/condizioni-generali-vendita\/#breadcrumb\"},\"inLanguage\":\"pt-PT\",\"potentialAction\":[{\"@type\":\"ReadAction\",\"target\":[\"https:\/\/libellula.eu\/condizioni-generali-vendita\/\"]}]},{\"@type\":\"BreadcrumbList\",\"@id\":\"https:\/\/libellula.eu\/condizioni-generali-vendita\/#breadcrumb\",\"itemListElement\":[{\"@type\":\"ListItem\",\"position\":1,\"name\":\"Home\",\"item\":\"https:\/\/libellula.eu\/\"},{\"@type\":\"ListItem\",\"position\":2,\"name\":\"Condizioni Generali Vendita\"}]},{\"@type\":\"WebSite\",\"@id\":\"https:\/\/libellula.eu\/#website\",\"url\":\"https:\/\/libellula.eu\/\",\"name\":\"Libellula\",\"description\":\"\",\"potentialAction\":[{\"@type\":\"SearchAction\",\"target\":{\"@type\":\"EntryPoint\",\"urlTemplate\":\"https:\/\/libellula.eu\/?s={search_term_string}\"},\"query-input\":{\"@type\":\"PropertyValueSpecification\",\"valueRequired\":true,\"valueName\":\"search_term_string\"}}],\"inLanguage\":\"pt-PT\"}]}<\/script>\n<!-- \/ Yoast SEO Premium plugin. -->","yoast_head_json":{"title":"Termos e condi\u00e7\u00f5es gerais de venda - Libellula","robots":{"index":"index","follow":"follow","max-snippet":"max-snippet:-1","max-image-preview":"max-image-preview:large","max-video-preview":"max-video-preview:-1"},"canonical":"https:\/\/libellula.eu\/pt\/condicoes-gerais-de-venda\/","og_locale":"pt_PT","og_type":"article","og_title":"Condizioni Generali Vendita","og_description":"Condizioni generali di vendita AMBITO DI APPLICAZIONE Libellula produce e\/o commercializza plurimi programmi informatici (ai quali ci si riferir\u00e0 nel prosieguo come \u201cSoftware\u201d) destinati a diverse fasi della programmazione e della gestione della produzione di manufatti. Le presenti condizioni generali (successivamente chiamate \u201cCGV\u201d) disciplinano la licenza d\u2019uso del Software nonch\u00e9 ogni altra fornitura di merci [&hellip;]","og_url":"https:\/\/libellula.eu\/pt\/condicoes-gerais-de-venda\/","og_site_name":"Libellula","article_modified_time":"2025-11-03T11:22:05+00:00","twitter_card":"summary_large_image","twitter_misc":{"Tempo estimado de leitura":"7 minutos"},"schema":{"@context":"https:\/\/schema.org","@graph":[{"@type":"WebPage","@id":"https:\/\/libellula.eu\/condizioni-generali-vendita\/","url":"https:\/\/libellula.eu\/condizioni-generali-vendita\/","name":"Termos e condi\u00e7\u00f5es gerais de venda - Libellula","isPartOf":{"@id":"https:\/\/libellula.eu\/#website"},"datePublished":"2025-11-03T11:12:27+00:00","dateModified":"2025-11-03T11:22:05+00:00","breadcrumb":{"@id":"https:\/\/libellula.eu\/condizioni-generali-vendita\/#breadcrumb"},"inLanguage":"pt-PT","potentialAction":[{"@type":"ReadAction","target":["https:\/\/libellula.eu\/condizioni-generali-vendita\/"]}]},{"@type":"BreadcrumbList","@id":"https:\/\/libellula.eu\/condizioni-generali-vendita\/#breadcrumb","itemListElement":[{"@type":"ListItem","position":1,"name":"Home","item":"https:\/\/libellula.eu\/"},{"@type":"ListItem","position":2,"name":"Condizioni Generali Vendita"}]},{"@type":"WebSite","@id":"https:\/\/libellula.eu\/#website","url":"https:\/\/libellula.eu\/","name":"Libellula","description":"","potentialAction":[{"@type":"SearchAction","target":{"@type":"EntryPoint","urlTemplate":"https:\/\/libellula.eu\/?s={search_term_string}"},"query-input":{"@type":"PropertyValueSpecification","valueRequired":true,"valueName":"search_term_string"}}],"inLanguage":"pt-PT"}]}},"_links":{"self":[{"href":"https:\/\/libellula.eu\/pt\/wp-json\/wp\/v2\/pages\/8218","targetHints":{"allow":["GET"]}}],"collection":[{"href":"https:\/\/libellula.eu\/pt\/wp-json\/wp\/v2\/pages"}],"about":[{"href":"https:\/\/libellula.eu\/pt\/wp-json\/wp\/v2\/types\/page"}],"author":[{"embeddable":true,"href":"https:\/\/libellula.eu\/pt\/wp-json\/wp\/v2\/users\/1"}],"replies":[{"embeddable":true,"href":"https:\/\/libellula.eu\/pt\/wp-json\/wp\/v2\/comments?post=8218"}],"version-history":[{"count":0,"href":"https:\/\/libellula.eu\/pt\/wp-json\/wp\/v2\/pages\/8218\/revisions"}],"wp:attachment":[{"href":"https:\/\/libellula.eu\/pt\/wp-json\/wp\/v2\/media?parent=8218"}],"curies":[{"name":"wp","href":"https:\/\/api.w.org\/{rel}","templated":true}]}}